{"id":7,"date":"2021-01-26T05:57:09","date_gmt":"2021-01-26T05:57:09","guid":{"rendered":"http:\/\/demoser.xyz\/?page_id=7"},"modified":"2025-03-25T12:30:33","modified_gmt":"2025-03-25T12:30:33","slug":"gioi-thieu","status":"publish","type":"page","link":"http:\/\/bds.hoanglongphuquoc.com\/index.php\/gioi-thieu\/","title":{"rendered":"Gi\u1edbi thi\u1ec7u"},"content":{"rendered":"\n<p><strong>C\u00d4NG TY B\u1ea4T \u0110\u1ed8NG S\u1ea2N\u00a0<strong>T\u00e2n Ph\u00e1t Land<\/strong> l\u00e0 doanh nghi\u1ec7p \u0111\u01b0\u1ee3c th\u00e0nh l\u1eadp v\u00e0 ho\u1ea1t \u0111\u1ed9ng tr\u00ean l\u00e3nh th\u1ed5 n\u01b0\u1edbc Vi\u1ec7t Nam t\u1eeb n\u0103m 2009, do Ban Qu\u1ea3n L\u00fd \u0110TPT \u0110\u1ea3o Ph\u00fa Qu\u1ed1c c\u1ea5p Gi\u1ea5y ch\u1ee9ng nh\u1eadn \u0111\u0103ng k\u00fd kinh doanh kinh doanh s\u1ed1: 1700956949.ng\u00e0y 24 th\u00e1ng 03 n\u0103m 2009.<\/strong><\/p>\n\n\n\n<p><strong>Ph\u01b0\u01a1ng ch\u00e2n ho\u1ea1t \u0111\u1ed9ng c\u1ee7a C\u00d4NG TY B\u1ea4T \u0110\u1ed8NG S\u1ea2N\u00a0<strong>T\u00e2n Ph\u00e1t Land<\/strong> l\u00e0: \u201c Trung th\u00e0nh -\u0110\u1ea1o \u0111\u1ee9c &#8211; K\u1ef7 lu\u1eadt &#8211; Tr\u00e1ch nhi\u1ec7m\u201d. <\/strong><\/p>\n\n\n\n<p><strong>C\u00e1c d\u1ecbch v\u1ee5 C\u00d4NG TY B\u1ea4T \u0110\u1ed8NG S\u1ea2N\u00a0<strong>T\u00e2n Ph\u00e1t Land<\/strong> t\u1ef1 h\u00e0o l\u00e0 m\u1ed9t th\u01b0\u01a1ng hi\u1ec7u l\u1edbn \u1edf Ph\u00fa Qu\u1ed1c trong d\u1ecbch v\u1ee5 cung c\u1ea5p d\u1ecbch v\u1ee5 b\u1ea3o v\u1ec7 chuy\u00ean nghi\u1ec7p v\u00e0 \u0111\u00e3 \u0111\u01b0\u1ee3c c\u00f4ng nh\u1eadn l\u00e0 m\u1ed9t trong nh\u0169ng \u0111\u01a1n v\u1ecb c\u00f3 \u0111\u1ee7 n\u0103ng l\u1ef1c, s\u1eb5n s\u00e0ng cung c\u1ea5p c\u00e1c d\u1ecbch v\u1ee5<\/strong>.<\/p>\n\n\n\n<p><strong>K\u00ednh ch\u00fac qu\u00fd kh\u00e1ch an khang th\u1ecbnh v\u01b0\u1ee3ng, th\u00e0nh trong cu\u1ed9c s\u1ed1ng !!!Tr\u00e2n tr\u1ecdng k\u00ednh ch\u00e0o,C\u00d4NG TY B\u1ea4T \u0110\u1ed8NG S\u1ea2N\u00a0<strong>T\u00e2n Ph\u00e1t Land<\/strong><\/strong><\/p>\n\n\n\n<p>x<img loading=\"lazy\" decoding=\"async\" width=\"500\" height=\"243\" class=\"wp-image-148\" style=\"width: 500px;\" src=\"http:\/\/demoser.xyz\/wp-content\/uploads\/2021\/01\/rsz_z1969563599608_ef23925c96cd368ace970ebd46b55a11.png\" alt=\"\" srcset=\"http:\/\/bds.hoanglongphuquoc.com\/wp-content\/uploads\/2021\/01\/rsz_z1969563599608_ef23925c96cd368ace970ebd46b55a11.png 1080w, http:\/\/bds.hoanglongphuquoc.com\/wp-content\/uploads\/2021\/01\/rsz_z1969563599608_ef23925c96cd368ace970ebd46b55a11-300x146.png 300w, http:\/\/bds.hoanglongphuquoc.com\/wp-content\/uploads\/2021\/01\/rsz_z1969563599608_ef23925c96cd368ace970ebd46b55a11-1024x498.png 1024w, http:\/\/bds.hoanglongphuquoc.com\/wp-content\/uploads\/2021\/01\/rsz_z1969563599608_ef23925c96cd368ace970ebd46b55a11-768x373.png 768w\" sizes=\"auto, (max-width: 500px) 100vw, 500px\" \/><img loading=\"lazy\" decoding=\"async\" width=\"500\" height=\"334\" class=\"wp-image-171\" style=\"width: 500px;\" src=\"http:\/\/demoser.xyz\/wp-content\/uploads\/2021\/01\/106717040_112479133867012_950128888955411102_o.jpg\" alt=\"\" srcset=\"http:\/\/bds.hoanglongphuquoc.com\/wp-content\/uploads\/2021\/01\/106717040_112479133867012_950128888955411102_o.jpg 1280w, http:\/\/bds.hoanglongphuquoc.com\/wp-content\/uploads\/2021\/01\/106717040_112479133867012_950128888955411102_o-300x200.jpg 300w, http:\/\/bds.hoanglongphuquoc.com\/wp-content\/uploads\/2021\/01\/106717040_112479133867012_950128888955411102_o-1024x683.jpg 1024w, http:\/\/bds.hoanglongphuquoc.com\/wp-content\/uploads\/2021\/01\/106717040_112479133867012_950128888955411102_o-768x512.jpg 768w\" sizes=\"auto, (max-width: 500px) 100vw, 500px\" \/><img loading=\"lazy\" decoding=\"async\" width=\"500\" height=\"358\" class=\"wp-image-169\" style=\"width: 500px;\" src=\"http:\/\/demoser.xyz\/wp-content\/uploads\/2021\/01\/106456562_112479487200310_4056718106478323150_n.png\" alt=\"\" srcset=\"http:\/\/bds.hoanglongphuquoc.com\/wp-content\/uploads\/2021\/01\/106456562_112479487200310_4056718106478323150_n.png 703w, http:\/\/bds.hoanglongphuquoc.com\/wp-content\/uploads\/2021\/01\/106456562_112479487200310_4056718106478323150_n-300x215.png 300w\" sizes=\"auto, (max-width: 500px) 100vw, 500px\" \/><img loading=\"lazy\" decoding=\"async\" width=\"500\" height=\"667\" class=\"wp-image-174\" style=\"width: 500px;\" src=\"http:\/\/demoser.xyz\/wp-content\/uploads\/2021\/01\/117841917_134305661684359_2317206574778545215_o.jpg\" alt=\"\" srcset=\"http:\/\/bds.hoanglongphuquoc.com\/wp-content\/uploads\/2021\/01\/117841917_134305661684359_2317206574778545215_o.jpg 960w, http:\/\/bds.hoanglongphuquoc.com\/wp-content\/uploads\/2021\/01\/117841917_134305661684359_2317206574778545215_o-225x300.jpg 225w, http:\/\/bds.hoanglongphuquoc.com\/wp-content\/uploads\/2021\/01\/117841917_134305661684359_2317206574778545215_o-768x1024.jpg 768w\" sizes=\"auto, (max-width: 500px) 100vw, 500px\" \/><img loading=\"lazy\" decoding=\"async\" width=\"500\" height=\"307\" class=\"wp-image-170\" style=\"width: 500px;\" src=\"http:\/\/demoser.xyz\/wp-content\/uploads\/2021\/01\/106582166_112479343866991_8545025427860539561_n.png\" alt=\"\" srcset=\"http:\/\/bds.hoanglongphuquoc.com\/wp-content\/uploads\/2021\/01\/106582166_112479343866991_8545025427860539561_n.png 691w, http:\/\/bds.hoanglongphuquoc.com\/wp-content\/uploads\/2021\/01\/106582166_112479343866991_8545025427860539561_n-300x184.png 300w\" sizes=\"auto, (max-width: 500px) 100vw, 500px\" \/><img loading=\"lazy\" decoding=\"async\" width=\"500\" height=\"375\" class=\"wp-image-173\" style=\"width: 500px;\" src=\"http:\/\/demoser.xyz\/wp-content\/uploads\/2021\/01\/117765124_134305335017725_5037224247900043922_n.jpg\" alt=\"\" srcset=\"http:\/\/bds.hoanglongphuquoc.com\/wp-content\/uploads\/2021\/01\/117765124_134305335017725_5037224247900043922_n.jpg 960w, http:\/\/bds.hoanglongphuquoc.com\/wp-content\/uploads\/2021\/01\/117765124_134305335017725_5037224247900043922_n-300x225.jpg 300w, http:\/\/bds.hoanglongphuquoc.com\/wp-content\/uploads\/2021\/01\/117765124_134305335017725_5037224247900043922_n-768x576.jpg 768w\" sizes=\"auto, (max-width: 500px) 100vw, 500px\" \/><\/p>\n","protected":false},"excerpt":{"rendered":"<p>C\u00d4NG TY B\u1ea4T \u0110\u1ed8NG S\u1ea2N\u00a0T\u00e2n Ph\u00e1t Land l\u00e0 doanh nghi\u1ec7p \u0111\u01b0\u1ee3c th\u00e0nh l\u1eadp v\u00e0 ho\u1ea1t \u0111\u1ed9ng tr\u00ean l\u00e3nh th\u1ed5 n\u01b0\u1edbc Vi\u1ec7t Nam t\u1eeb n\u0103m 2009, do Ban Qu\u1ea3n L\u00fd \u0110TPT \u0110\u1ea3o Ph\u00fa Qu\u1ed1c c\u1ea5p Gi\u1ea5y ch\u1ee9ng nh\u1eadn \u0111\u0103ng k\u00fd kinh doanh kinh doanh s\u1ed1: 1700956949.ng\u00e0y 24 th\u00e1ng 03 n\u0103m 2009.<a href=\"http:\/\/bds.hoanglongphuquoc.com\/index.php\/gioi-thieu\/\" class=\"read-more\">Read More<\/a><\/p>\n","protected":false},"author":1,"featured_media":166,"parent":0,"menu_order":0,"comment_status":"closed","ping_status":"closed","template":"","meta":{"footnotes":""},"class_list":["post-7","page","type-page","status-publish","has-post-thumbnail","hentry"],"_links":{"self":[{"href":"http:\/\/bds.hoanglongphuquoc.com\/index.php\/wp-json\/wp\/v2\/pages\/7","targetHints":{"allow":["GET"]}}],"collection":[{"href":"http:\/\/bds.hoanglongphuquoc.com\/index.php\/wp-json\/wp\/v2\/pages"}],"about":[{"href":"http:\/\/bds.hoanglongphuquoc.com\/index.php\/wp-json\/wp\/v2\/types\/page"}],"author":[{"embeddable":true,"href":"http:\/\/bds.hoanglongphuquoc.com\/index.php\/wp-json\/wp\/v2\/users\/1"}],"replies":[{"embeddable":true,"href":"http:\/\/bds.hoanglongphuquoc.com\/index.php\/wp-json\/wp\/v2\/comments?post=7"}],"version-history":[{"count":6,"href":"http:\/\/bds.hoanglongphuquoc.com\/index.php\/wp-json\/wp\/v2\/pages\/7\/revisions"}],"predecessor-version":[{"id":345,"href":"http:\/\/bds.hoanglongphuquoc.com\/index.php\/wp-json\/wp\/v2\/pages\/7\/revisions\/345"}],"wp:featuredmedia":[{"embeddable":true,"href":"http:\/\/bds.hoanglongphuquoc.com\/index.php\/wp-json\/wp\/v2\/media\/166"}],"wp:attachment":[{"href":"http:\/\/bds.hoanglongphuquoc.com\/index.php\/wp-json\/wp\/v2\/media?parent=7"}],"curies":[{"name":"wp","href":"https:\/\/api.w.org\/{rel}","templated":true}]}}